{"id":232,"date":"2019-05-01T19:50:59","date_gmt":"2019-05-01T17:50:59","guid":{"rendered":"http:\/\/www.mim.wien\/wp\/?page_id=232"},"modified":"2022-08-15T20:47:52","modified_gmt":"2022-08-15T18:47:52","slug":"erdkinderplan","status":"publish","type":"page","link":"https:\/\/www.mim.wien\/wp\/mims-angebot\/erdkinderplan\/","title":{"rendered":"Erdkinderplan"},"content":{"rendered":"\n<h3 class=\"has-vivid-green-cyan-color has-text-color wp-block-heading\">Leben und Lernen im Moment<\/h3>\n\n\n\n<p>Zu unserem t\u00e4glich genutzten Garten gehen wir unabh\u00e4ngig vom Wetter mindestens einmal in der Woche hinaus. Zus\u00e4tzlich gibt es Projektwochen, wo unsere Ausfl\u00fcge bis zu einer Woche dauern. <\/p>\n\n\n\n<p>Wir erkundigen die Umgebung, machen uns auf die Suche nach l\u00e4ngst Vergangenem (Museen, historische Pl\u00e4tze, &#8230;) und pflegen Beziehungen mit Menschen aus der Region.<\/p>\n\n\n\n<blockquote class=\"wp-block-quote is-layout-flow wp-block-quote-is-layout-flow\"><p><strong>&#8222;Von jedem der\/das mir begegnet kann ich lernen!&#8220;<\/strong><\/p><cite>Anonym<\/cite><\/blockquote>\n","protected":false},"excerpt":{"rendered":"<p>Leben und Lernen im Moment Zu unserem t\u00e4glich genutzten Garten gehen wir unabh\u00e4ngig vom Wetter mindestens einmal in der Woche hinaus. Zus\u00e4tzlich gibt es Projektwochen, wo unsere Ausfl\u00fcge bis zu einer Woche dauern. Wir erkundigen die Umgebung, machen uns auf die Suche nach l\u00e4ngst Vergangenem (Museen, historische Pl\u00e4tze, &#8230;) und pflegen Beziehungen mit Menschen aus<br \/><a class=\"moretag\" href=\"https:\/\/www.mim.wien\/wp\/mims-angebot\/erdkinderplan\/\">+ Read More<\/a><\/p>\n","protected":false},"author":1,"featured_media":0,"parent":99,"menu_order":0,"comment_status":"closed","ping_status":"closed","template":"templates\/page-nosidebar_template.php","meta":{"footnotes":""},"class_list":["post-232","page","type-page","status-publish","hentry"],"_links":{"self":[{"href":"https:\/\/www.mim.wien\/wp\/wp-json\/wp\/v2\/pages\/232","targetHints":{"allow":["GET"]}}],"collection":[{"href":"https:\/\/www.mim.wien\/wp\/wp-json\/wp\/v2\/pages"}],"about":[{"href":"https:\/\/www.mim.wien\/wp\/wp-json\/wp\/v2\/types\/page"}],"author":[{"embeddable":true,"href":"https:\/\/www.mim.wien\/wp\/wp-json\/wp\/v2\/users\/1"}],"replies":[{"embeddable":true,"href":"https:\/\/www.mim.wien\/wp\/wp-json\/wp\/v2\/comments?post=232"}],"version-history":[{"count":10,"href":"https:\/\/www.mim.wien\/wp\/wp-json\/wp\/v2\/pages\/232\/revisions"}],"predecessor-version":[{"id":882,"href":"https:\/\/www.mim.wien\/wp\/wp-json\/wp\/v2\/pages\/232\/revisions\/882"}],"up":[{"embeddable":true,"href":"https:\/\/www.mim.wien\/wp\/wp-json\/wp\/v2\/pages\/99"}],"wp:attachment":[{"href":"https:\/\/www.mim.wien\/wp\/wp-json\/wp\/v2\/media?parent=232"}],"curies":[{"name":"wp","href":"https:\/\/api.w.org\/{rel}","templated":true}]}}